{"id":850,"date":"2020-05-25T19:23:47","date_gmt":"2020-05-25T19:23:47","guid":{"rendered":"https:\/\/cwhite.um.edu.mx\/?page_id=850"},"modified":"2020-06-18T16:25:37","modified_gmt":"2020-06-18T16:25:37","slug":"tour-en-las-huellas-de-los-pioneros","status":"publish","type":"page","link":"https:\/\/cwhite.um.edu.mx\/?page_id=850","title":{"rendered":"Tour en las Huellas de los Pioneros"},"content":{"rendered":"\n<div class=\"is-layout-flow wp-block-group has-very-light-gray-color has-text-color has-background\" style=\"background-color:#8494a0\"><div class=\"wp-block-group__inner-container\">\n<p><\/p>\n\n\n\n<p><\/p>\n\n\n\n<p class=\"has-text-align-center\"><\/p>\n\n\n\n<p class=\"has-text-align-center\"><strong>TOUR<\/strong><\/p>\n\n\n\n<h2 class=\"has-very-light-gray-color has-text-color has-text-align-center\"><strong>&nbsp;\u201cEN LAS HUELLAS DE LOS PIONEROS\u201d<\/strong><\/h2>\n\n\n\n<p class=\"has-text-align-center\">Es una experiencia que combina aprendizaje \u2013 estudio acerca de la historia de la Iglesia Adventista del S\u00e9ptimo D\u00eda, turismo, camarader\u00eda e inspiraci\u00f3n devocional. Son 11 de d\u00edas de recorrido por los principales lugares que dieron origen a nuestra iglesia, incluyendo lugares de nacimiento y muerte de algunos de los pioneros principales, edificios hist\u00f3ricos y algunos lugares de cultura general como Washington, D.C. Casa Blanca, Monumento a Abram Lincoln, Cataratas de Ni\u00e1gara, el teatro cristiano Sight and Sound y otros lugares m\u00e1s.<\/p>\n\n\n\n<p class=\"has-text-align-center\"><strong>Incluye<\/strong>:<\/p>\n\n\n\n<ul><li>Transportaci\u00f3n desde la Universidad de Montemorelos y retornando all\u00ed mismo \/<\/li><li>2 servicios diarios de alimentaci\u00f3n tipo Buffet (Golden Corral) \/ Old Contry Buffet<\/li><li>Hospedaje: 9 noches de Hotel en habitaci\u00f3n compartida \/<\/li><li>Las entradas a: 1) Cataratas de Ni\u00e1gara, 2) Sight and&nbsp; y Washigton, D.C. \/<\/li><li>Las propinas en restaurantes \/<\/li><li>Playera conmemorativa \/<\/li><li>Material de estudio \/<\/li><li>Gafete de identificaci\u00f3n \/<\/li><li>Fotograf\u00eda del recuerdo.<\/li><\/ul>\n\n\n\n<p class=\"has-text-align-center\"><strong>Lugares del recorrido<\/strong>:<\/p>\n\n\n\n<ul><li>La Conferencia General de los Adventistas del S\u00e9ptimo D\u00eda \/<\/li><li>El Museo del White Estate \/<\/li><li>El ABC del Potomac\/<\/li><li>El Teatro de pasajes b\u00edblicos de Sight and Sound Theatres en Pennsylvania \/<\/li><li>La casa de Guillermo Miller,<\/li><li>la Roca de la ascensi\u00f3n y la primera Iglesia Adventista\/<\/li><li>La Finca de Hiram Edson en Rochester, Nueva York \/<\/li><li>Las Cataratas de Ni\u00e1gara en Buffalo, NY \/<\/li><li>La Universidad de Andrews \/<\/li><li>La Villa Adventista de Battle Creek \/<\/li><li>El Pante\u00f3n de los Pioneros en Oak Hill \/<\/li><li>El Sanatorio de Battle Creek \/<\/li><li>Paw Paw, MI \/<\/li><li>Pokagon, MI, El lugar en donde se compuso y cant\u00f3 por primera vez el himno en el Monte Calvario \/<\/li><li>Otsego, MI y lugar de compras en un Outlet.<\/li><\/ul>\n\n\n\n<pre class=\"wp-block-verse\"><\/pre>\n<\/div><\/div>\n\n\n\n<figure class=\"is-layout-flex wp-block-gallery-2 wp-block-gallery columns-3 is-cropped\"><ul class=\"blocks-gallery-grid\"><li class=\"blocks-gallery-item\"><figure><img decoding=\"async\" loading=\"lazy\" width=\"4896\" height=\"3672\" src=\"https:\/\/cwhite.um.edu.mx\/wp-content\/uploads\/2020\/05\/LVS.jpg\" alt=\"\" data-id=\"1241\" data-link=\"https:\/\/cwhite.um.edu.mx\/?attachment_id=1241\" class=\"wp-image-1241\"\/><\/figure><\/li><li class=\"blocks-gallery-item\"><figure><img decoding=\"async\" loading=\"lazy\" width=\"4896\" height=\"3672\" src=\"https:\/\/cwhite.um.edu.mx\/wp-content\/uploads\/2020\/05\/LVS-copy-0.jpg\" alt=\"\" data-id=\"1242\" data-link=\"https:\/\/cwhite.um.edu.mx\/?attachment_id=1242\" class=\"wp-image-1242\"\/><\/figure><\/li><li class=\"blocks-gallery-item\"><figure><img decoding=\"async\" loading=\"lazy\" width=\"4896\" height=\"3672\" src=\"https:\/\/cwhite.um.edu.mx\/wp-content\/uploads\/2020\/05\/\u00d1.jpg\" alt=\"\" data-id=\"1243\" data-link=\"https:\/\/cwhite.um.edu.mx\/?attachment_id=1243\" class=\"wp-image-1243\"\/><\/figure><\/li><li class=\"blocks-gallery-item\"><figure><img decoding=\"async\" loading=\"lazy\" width=\"4896\" height=\"3672\" src=\"https:\/\/cwhite.um.edu.mx\/wp-content\/uploads\/2020\/05\/O.jpg\" alt=\"\" data-id=\"1244\" data-link=\"https:\/\/cwhite.um.edu.mx\/?attachment_id=1244\" class=\"wp-image-1244\"\/><\/figure><\/li><li class=\"blocks-gallery-item\"><figure><img decoding=\"async\" loading=\"lazy\" width=\"4896\" height=\"3672\" src=\"https:\/\/cwhite.um.edu.mx\/wp-content\/uploads\/2020\/05\/P.jpg\" alt=\"\" data-id=\"1245\" data-link=\"https:\/\/cwhite.um.edu.mx\/?attachment_id=1245\" class=\"wp-image-1245\"\/><\/figure><\/li><li class=\"blocks-gallery-item\"><figure><img decoding=\"async\" loading=\"lazy\" width=\"4896\" height=\"3672\" src=\"https:\/\/cwhite.um.edu.mx\/wp-content\/uploads\/2020\/05\/Q-1.jpg\" alt=\"\" data-id=\"1246\" data-link=\"https:\/\/cwhite.um.edu.mx\/?attachment_id=1246\" class=\"wp-image-1246\"\/><\/figure><\/li><li class=\"blocks-gallery-item\"><figure><img decoding=\"async\" loading=\"lazy\" width=\"4896\" height=\"3672\" src=\"https:\/\/cwhite.um.edu.mx\/wp-content\/uploads\/2020\/05\/QW.jpg\" alt=\"\" data-id=\"1247\" data-link=\"https:\/\/cwhite.um.edu.mx\/?attachment_id=1247\" class=\"wp-image-1247\"\/><\/figure><\/li><li class=\"blocks-gallery-item\"><figure><img decoding=\"async\" loading=\"lazy\" width=\"4896\" height=\"3672\" src=\"https:\/\/cwhite.um.edu.mx\/wp-content\/uploads\/2020\/05\/R.jpg\" alt=\"\" data-id=\"1248\" data-link=\"https:\/\/cwhite.um.edu.mx\/?attachment_id=1248\" class=\"wp-image-1248\"\/><\/figure><\/li><li class=\"blocks-gallery-item\"><figure><img decoding=\"async\" loading=\"lazy\" width=\"4896\" height=\"3672\" src=\"https:\/\/cwhite.um.edu.mx\/wp-content\/uploads\/2020\/05\/S.jpg\" alt=\"\" data-id=\"1249\" data-link=\"https:\/\/cwhite.um.edu.mx\/?attachment_id=1249\" class=\"wp-image-1249\"\/><\/figure><\/li><li class=\"blocks-gallery-item\"><figure><img decoding=\"async\" loading=\"lazy\" width=\"4896\" height=\"3672\" src=\"https:\/\/cwhite.um.edu.mx\/wp-content\/uploads\/2020\/05\/SA.jpg\" alt=\"\" data-id=\"1250\" data-link=\"https:\/\/cwhite.um.edu.mx\/?attachment_id=1250\" class=\"wp-image-1250\"\/><\/figure><\/li><li class=\"blocks-gallery-item\"><figure><img decoding=\"async\" loading=\"lazy\" width=\"4896\" height=\"3672\" src=\"https:\/\/cwhite.um.edu.mx\/wp-content\/uploads\/2020\/05\/SI-2.jpg\" alt=\"\" data-id=\"1251\" data-link=\"https:\/\/cwhite.um.edu.mx\/?attachment_id=1251\" class=\"wp-image-1251\"\/><\/figure><\/li><li class=\"blocks-gallery-item\"><figure><img decoding=\"async\" loading=\"lazy\" width=\"4896\" height=\"3672\" src=\"https:\/\/cwhite.um.edu.mx\/wp-content\/uploads\/2020\/05\/W.jpg\" alt=\"\" data-id=\"1252\" data-link=\"https:\/\/cwhite.um.edu.mx\/?attachment_id=1252\" class=\"wp-image-1252\"\/><\/figure><\/li><li class=\"blocks-gallery-item\"><figure><img decoding=\"async\" loading=\"lazy\" width=\"4896\" height=\"3672\" src=\"https:\/\/cwhite.um.edu.mx\/wp-content\/uploads\/2020\/05\/WE.jpg\" alt=\"\" data-id=\"1253\" data-link=\"https:\/\/cwhite.um.edu.mx\/?attachment_id=1253\" class=\"wp-image-1253\"\/><\/figure><\/li><li class=\"blocks-gallery-item\"><figure><img decoding=\"async\" loading=\"lazy\" width=\"4896\" height=\"3672\" src=\"https:\/\/cwhite.um.edu.mx\/wp-content\/uploads\/2020\/05\/YT.jpg\" alt=\"\" data-id=\"1254\" data-link=\"https:\/\/cwhite.um.edu.mx\/?attachment_id=1254\" class=\"wp-image-1254\"\/><\/figure><\/li><\/ul><\/figure>\n ","protected":false},"excerpt":{"rendered":"<p>TOUR &nbsp;\u201cEN LAS HUELLAS DE LOS PIONEROS\u201d Es una experiencia que combina aprendizaje \u2013 estudio acerca de la historia de la Iglesia Adventista del S\u00e9ptimo D\u00eda, turismo, camarader\u00eda e inspiraci\u00f3n devocional. Son 11 de d\u00edas de recorrido por los principales lugares que dieron origen a nuestra iglesia, incluyendo lugares de nacimiento y muerte de algunos&hellip; <br \/> <a class=\"read-more\" href=\"https:\/\/cwhite.um.edu.mx\/?page_id=850\">Leer m\u00e1s<\/a><\/p>\n","protected":false},"author":1,"featured_media":0,"parent":0,"menu_order":0,"comment_status":"closed","ping_status":"closed","template":"","meta":[],"_links":{"self":[{"href":"https:\/\/cwhite.um.edu.mx\/index.php?rest_route=\/wp\/v2\/pages\/850"}],"collection":[{"href":"https:\/\/cwhite.um.edu.mx\/index.php?rest_route=\/wp\/v2\/pages"}],"about":[{"href":"https:\/\/cwhite.um.edu.mx\/index.php?rest_route=\/wp\/v2\/types\/page"}],"author":[{"embeddable":true,"href":"https:\/\/cwhite.um.edu.mx\/index.php?rest_route=\/wp\/v2\/users\/1"}],"replies":[{"embeddable":true,"href":"https:\/\/cwhite.um.edu.mx\/index.php?rest_route=%2Fwp%2Fv2%2Fcomments&post=850"}],"version-history":[{"count":6,"href":"https:\/\/cwhite.um.edu.mx\/index.php?rest_route=\/wp\/v2\/pages\/850\/revisions"}],"predecessor-version":[{"id":1727,"href":"https:\/\/cwhite.um.edu.mx\/index.php?rest_route=\/wp\/v2\/pages\/850\/revisions\/1727"}],"wp:attachment":[{"href":"https:\/\/cwhite.um.edu.mx\/index.php?rest_route=%2Fwp%2Fv2%2Fmedia&parent=850"}],"curies":[{"name":"wp","href":"https:\/\/api.w.org\/{rel}","templated":true}]}}