{"id":812,"date":"2020-05-25T19:07:04","date_gmt":"2020-05-25T19:07:04","guid":{"rendered":"https:\/\/cwhite.um.edu.mx\/?page_id=812"},"modified":"2020-12-08T16:16:04","modified_gmt":"2020-12-08T16:16:04","slug":"directores","status":"publish","type":"page","link":"https:\/\/cwhite.um.edu.mx\/?page_id=812","title":{"rendered":"Historia del Centro White en M\u00e9xico"},"content":{"rendered":"\n<h2 class=\"has-white-color has-text-color has-background\" style=\"background-color:#3f494d\">Hasta 1978, todos los escritos publicados y no publicados de la se\u00f1ora White, se encontraban \u00fanicamente en la Conferencia General. <\/h2>\n\n\n\n<h2 class=\"has-white-color has-text-color has-background\" style=\"background-color:#3f494d\">De modo que cualquier adventista del mundo que quisiera hacer una investigaci\u00f3n de sus escritos sobre alg\u00fan tema, ten\u00eda que viajar hasta la Conferencia General de la Iglesia Adventista. <\/h2>\n\n\n\n<h2 class=\"has-white-color has-text-color has-background\" style=\"background-color:#3f494d\">La iglesia y los dirigentes de nuestra iglesia a principios de 1978 tomaron el voto de sacar copia a todos los escritos de la hermana White, y hacerlos m\u00e1s accesibles a la iglesia mundial. <\/h2>\n\n\n\n<h2 class=\"has-white-color has-text-color has-background\" style=\"background-color:#3f494d\">Posteriormente decidieron establecer un Centro White en cada Divisi\u00f3n del mundo. El Centro de investigaci\u00f3n Elena G. de White en M\u00e9xico fue uno de los primeros en establecerse.<\/h2>\n ","protected":false},"excerpt":{"rendered":"<p>Hasta 1978, todos los escritos publicados y no publicados de la se\u00f1ora White, se encontraban \u00fanicamente en la Conferencia General. De modo que cualquier adventista del mundo que quisiera hacer una investigaci\u00f3n de sus escritos sobre alg\u00fan tema, ten\u00eda que viajar hasta la Conferencia General de la Iglesia Adventista. La iglesia y los dirigentes de&hellip; <br \/> <a class=\"read-more\" href=\"https:\/\/cwhite.um.edu.mx\/?page_id=812\">Leer m\u00e1s<\/a><\/p>\n","protected":false},"author":1,"featured_media":0,"parent":0,"menu_order":0,"comment_status":"closed","ping_status":"closed","template":"","meta":[],"_links":{"self":[{"href":"https:\/\/cwhite.um.edu.mx\/index.php?rest_route=\/wp\/v2\/pages\/812"}],"collection":[{"href":"https:\/\/cwhite.um.edu.mx\/index.php?rest_route=\/wp\/v2\/pages"}],"about":[{"href":"https:\/\/cwhite.um.edu.mx\/index.php?rest_route=\/wp\/v2\/types\/page"}],"author":[{"embeddable":true,"href":"https:\/\/cwhite.um.edu.mx\/index.php?rest_route=\/wp\/v2\/users\/1"}],"replies":[{"embeddable":true,"href":"https:\/\/cwhite.um.edu.mx\/index.php?rest_route=%2Fwp%2Fv2%2Fcomments&post=812"}],"version-history":[{"count":6,"href":"https:\/\/cwhite.um.edu.mx\/index.php?rest_route=\/wp\/v2\/pages\/812\/revisions"}],"predecessor-version":[{"id":2614,"href":"https:\/\/cwhite.um.edu.mx\/index.php?rest_route=\/wp\/v2\/pages\/812\/revisions\/2614"}],"wp:attachment":[{"href":"https:\/\/cwhite.um.edu.mx\/index.php?rest_route=%2Fwp%2Fv2%2Fmedia&parent=812"}],"curies":[{"name":"wp","href":"https:\/\/api.w.org\/{rel}","templated":true}]}}