{"id":311,"date":"2020-05-18T16:47:32","date_gmt":"2020-05-18T16:47:32","guid":{"rendered":"https:\/\/cwhite.um.edu.mx\/?page_id=311"},"modified":"2020-07-08T02:13:08","modified_gmt":"2020-07-08T02:13:08","slug":"historia-del-centro-white-en-mexico","status":"publish","type":"page","link":"https:\/\/cwhite.um.edu.mx\/?page_id=311","title":{"rendered":"Directores del Centro White en M\u00e9xico"},"content":{"rendered":"\n<p style=\"background-color:#686d94;font-size:22px\" class=\"has-text-color has-background has-text-align-center has-very-light-gray-color\"><strong>El Centro de Investigaci\u00f3n Elena G. White con sede en la Universidad de Montemorelos M\u00e9xico, se inaugur\u00f3 el 13 de noviembre de 1978. Los directores que han dirigido este Centro son:<\/strong><\/p>\n\n\n\n<p style=\"background-color:#696d8b;font-size:25px\" class=\"has-text-color has-background has-text-align-center has-very-light-gray-color\">Ptr. Lu\u00eds Carlos Ram\u00edrez (1978 \u2013 1988)  <\/p>\n\n\n\n<div class=\"wp-block-image\"><figure class=\"aligncenter size-large\"><img decoding=\"async\" loading=\"lazy\" width=\"323\" height=\"338\" src=\"https:\/\/cwhite.um.edu.mx\/wp-content\/uploads\/2020\/06\/Ptr.-Lu\u00eds-Carlos-Ram\u00edres.png-1-1.jpg\" alt=\"\" class=\"wp-image-1734\"\/><\/figure><\/div>\n\n\n\n<p style=\"background-color:#65698b;font-size:25px\" class=\"has-text-color has-background has-text-align-center has-very-light-gray-color\">Ptr. Francisco Flores Chabl\u00e9 (1988 &#8211; 2004)<\/p>\n\n\n\n<div class=\"wp-block-image\"><figure class=\"aligncenter size-large\"><img decoding=\"async\" loading=\"lazy\" width=\"276\" height=\"348\" src=\"https:\/\/cwhite.um.edu.mx\/wp-content\/uploads\/2020\/06\/Francisco-Flores.png\" alt=\"\" class=\"wp-image-1731\"\/><\/figure><\/div>\n\n\n\n<p style=\"background-color:#616c8b;font-size:25px\" class=\"has-text-color has-background has-text-align-center has-very-light-gray-color\">Ptr. Isidro L\u00f3pez Y\u00e1\u00f1ez (1988 &#8211; 2004)<\/p>\n\n\n\n<div class=\"wp-block-image\"><figure class=\"aligncenter size-large is-resized\"><img decoding=\"async\" loading=\"lazy\" src=\"https:\/\/cwhite.um.edu.mx\/wp-content\/uploads\/2020\/07\/Isidro.jpg\" alt=\"\" class=\"wp-image-1757\" width=\"305\" height=\"338\"\/><\/figure><\/div>\n\n\n\n<p style=\"background-color:#5e6885;font-size:25px\" class=\"has-text-color has-background has-text-align-center has-very-light-gray-color\">Ptr. Juan Jos\u00e9 Andrade Gonz\u00e1lez (2008 \u2013 Hoy)<\/p>\n\n\n\n<div class=\"wp-block-image\"><figure class=\"aligncenter size-large is-resized\"><img decoding=\"async\" loading=\"lazy\" src=\"https:\/\/cwhite.um.edu.mx\/wp-content\/uploads\/2020\/05\/Ptr-Andrade-1.jpg\" alt=\"\" class=\"wp-image-1256\" width=\"302\" height=\"453\"\/><\/figure><\/div>\n\n\n\n<p><\/p>\n ","protected":false},"excerpt":{"rendered":"<p>El Centro de Investigaci\u00f3n Elena G. White con sede en la Universidad de Montemorelos M\u00e9xico, se inaugur\u00f3 el 13 de noviembre de 1978. Los directores que han dirigido este Centro son: Ptr. Lu\u00eds Carlos Ram\u00edrez (1978 \u2013 1988) Ptr. Francisco Flores Chabl\u00e9 (1988 &#8211; 2004) Ptr. Isidro L\u00f3pez Y\u00e1\u00f1ez (1988 &#8211; 2004) Ptr. Juan Jos\u00e9&hellip; <br \/> <a class=\"read-more\" href=\"https:\/\/cwhite.um.edu.mx\/?page_id=311\">Leer m\u00e1s<\/a><\/p>\n","protected":false},"author":1,"featured_media":0,"parent":0,"menu_order":0,"comment_status":"closed","ping_status":"closed","template":"","meta":[],"_links":{"self":[{"href":"https:\/\/cwhite.um.edu.mx\/index.php?rest_route=\/wp\/v2\/pages\/311"}],"collection":[{"href":"https:\/\/cwhite.um.edu.mx\/index.php?rest_route=\/wp\/v2\/pages"}],"about":[{"href":"https:\/\/cwhite.um.edu.mx\/index.php?rest_route=\/wp\/v2\/types\/page"}],"author":[{"embeddable":true,"href":"https:\/\/cwhite.um.edu.mx\/index.php?rest_route=\/wp\/v2\/users\/1"}],"replies":[{"embeddable":true,"href":"https:\/\/cwhite.um.edu.mx\/index.php?rest_route=%2Fwp%2Fv2%2Fcomments&post=311"}],"version-history":[{"count":11,"href":"https:\/\/cwhite.um.edu.mx\/index.php?rest_route=\/wp\/v2\/pages\/311\/revisions"}],"predecessor-version":[{"id":1778,"href":"https:\/\/cwhite.um.edu.mx\/index.php?rest_route=\/wp\/v2\/pages\/311\/revisions\/1778"}],"wp:attachment":[{"href":"https:\/\/cwhite.um.edu.mx\/index.php?rest_route=%2Fwp%2Fv2%2Fmedia&parent=311"}],"curies":[{"name":"wp","href":"https:\/\/api.w.org\/{rel}","templated":true}]}}