{"id":285,"date":"2020-05-18T15:33:27","date_gmt":"2020-05-18T15:33:27","guid":{"rendered":"https:\/\/cwhite.um.edu.mx\/?page_id=285"},"modified":"2020-05-28T02:21:46","modified_gmt":"2020-05-28T02:21:46","slug":"quien-fue","status":"publish","type":"page","link":"https:\/\/cwhite.um.edu.mx\/?page_id=285","title":{"rendered":"\u00bfQuien fue Elena G. de White?"},"content":{"rendered":"\n<p style=\"background-color:#691212\" class=\"has-text-color has-background has-drop-cap has-medium-font-size has-very-light-gray-color\">Elena G. de White fue una mujer de dones espirituales notables que vivi\u00f3 la mayor parte de su vida durante el siglo XIX (1827-1915), pero a trav\u00e9s de sus escritos todav\u00eda tiene un impacto revolucionario en millones de personas en todo el mundo.&nbsp;Durante su vida, escribi\u00f3 m\u00e1s de 5,000 art\u00edculos peri\u00f3dicos y 40 libros;&nbsp;pero hoy, incluidas las compilaciones de sus 50,000 p\u00e1ginas de manuscrito, m\u00e1s de 100 t\u00edtulos est\u00e1n disponibles en ingl\u00e9s.&nbsp;Es la escritora m\u00e1s traducida en toda la historia de la literatura y la autora estadounidense m\u00e1s traducida de cualquier g\u00e9nero.&nbsp;Su obra maestra que cambia la vida sobre la vida cristiana exitosa, Steps to Christ, ha sido publicada en m\u00e1s de 140 idiomas.&nbsp;Sus escritos cubren una amplia gama de temas, incluyendo religi\u00f3n, educaci\u00f3n, relaciones sociales, evangelismo, profec\u00eda, publicaci\u00f3n, nutrici\u00f3n y administraci\u00f3n.<\/p>\n\n\n\n<p style=\"background-color:#621111\" class=\"has-text-color has-background has-medium-font-size has-very-light-gray-color\">Los adventistas del s\u00e9ptimo d\u00eda creen que la Sra. White era m\u00e1s que una escritora talentosa;&nbsp;ellos creen que fue nombrada por Dios como una mensajera especial para llamar la atenci\u00f3n del mundo sobre las Sagradas Escrituras y ayudar a preparar a las personas para el segundo advenimiento de Cristo.&nbsp;Desde el momento en que ten\u00eda 17 a\u00f1os hasta que muri\u00f3 70 a\u00f1os despu\u00e9s, Dios le dio aproximadamente 2,000 visiones y sue\u00f1os.&nbsp;Las visiones variaron en duraci\u00f3n desde menos de un minuto hasta casi cuatro horas.&nbsp;El conocimiento y el consejo recibido a trav\u00e9s de estas revelaciones que ella escribi\u00f3 para compartir con otros.&nbsp;Por lo tanto, sus escritos especiales son aceptados por los adventistas del s\u00e9ptimo d\u00eda como inspirados, y su calidad excepcional es reconocida incluso por los lectores casuales.&nbsp;Como se afirma en Adventistas del S\u00e9ptimo D\u00eda.&nbsp;.&nbsp;.&nbsp;, \u201cLos escritos de Elena de White no son un sustituto de las Escrituras.&nbsp;No se pueden colocar en el mismo nivel.&nbsp;Las Sagradas Escrituras se mantienen solas, el est\u00e1ndar \u00fanico por el cual ella y todos los dem\u00e1s escritos deben ser juzgados y a los que deben estar sujetos \u201d(Adventistas del S\u00e9ptimo D\u00eda creen.., Asociaci\u00f3n Ministerial, Conferencia General de Adventistas del S\u00e9ptimo D\u00eda, Washington DC , 1988, p. 227).&nbsp;Sin embargo, como se\u00f1al\u00f3 la propia Elena de White, \u201cEl hecho de que Dios haya revelado Su voluntad a los hombres a trav\u00e9s de Su Palabra, no ha hecho innecesaria la presencia continua y la gu\u00eda del Esp\u00edritu Santo.&nbsp;Por el contrario, nuestro Esp\u00edritu le prometi\u00f3 al Esp\u00edritu que abrir\u00eda la Palabra a Sus siervos, para iluminar y aplicar sus ense\u00f1anzas \u201d(The Great Controversy, p. Vii).&nbsp;Conferencia General de Adventistas del S\u00e9ptimo D\u00eda, Washington DC, 1988, p.&nbsp;227).&nbsp;Sin embargo, como se\u00f1al\u00f3 Elena de White, \u201cEl hecho de que Dios haya revelado Su voluntad a los hombres a trav\u00e9s de Su Palabra, no ha hecho innecesaria la presencia y gu\u00eda continua del Esp\u00edritu Santo.&nbsp;Por el contrario, nuestro Salvador le prometi\u00f3 al Esp\u00edritu que abrir\u00eda la Palabra a Sus siervos, para iluminar y aplicar sus ense\u00f1anzas \u201d(The Great Controversy, p. Vii).&nbsp;Conferencia General de Adventistas del S\u00e9ptimo D\u00eda, Washington DC, 1988, p.&nbsp;227).&nbsp;Sin embargo, como se\u00f1al\u00f3 la propia Elena de White, \u201cEl hecho de que Dios haya revelado Su voluntad a los hombres a trav\u00e9s de Su Palabra, no ha hecho innecesaria la presencia continua y la gu\u00eda del Esp\u00edritu Santo.&nbsp;Por el contrario, nuestro Salvador le prometi\u00f3 al Esp\u00edritu que abrir\u00eda la Palabra a Sus siervos, para iluminar y aplicar sus ense\u00f1anzas \u201d(The Great Controversy, p. Vii).<\/p>\n\n\n\n<p style=\"background-color:#621111\" class=\"has-text-color has-background has-text-align-center has-very-light-gray-color\"><a rel=\"noreferrer noopener\" href=\"https:\/\/m.egwwritings.org\/es\/about\" target=\"_blank\"><strong>https:\/\/m.egwwritings.org\/es\/about<\/strong><\/a><\/p>\n\n\n\n<div class=\"wp-block-image\"><figure class=\"aligncenter size-large is-resized\"><img decoding=\"async\" loading=\"lazy\" src=\"https:\/\/cwhite.um.edu.mx\/wp-content\/uploads\/2020\/05\/WHITE-1.jpg\" alt=\"\" class=\"wp-image-293\" width=\"311\" height=\"395\"\/><\/figure><\/div>\n ","protected":false},"excerpt":{"rendered":"<p>Elena G. de White fue una mujer de dones espirituales notables que vivi\u00f3 la mayor parte de su vida durante el siglo XIX (1827-1915), pero a trav\u00e9s de sus escritos todav\u00eda tiene un impacto revolucionario en millones de personas en todo el mundo.&nbsp;Durante su vida, escribi\u00f3 m\u00e1s de 5,000 art\u00edculos peri\u00f3dicos y 40 libros;&nbsp;pero hoy,&hellip; <br \/> <a class=\"read-more\" href=\"https:\/\/cwhite.um.edu.mx\/?page_id=285\">Leer m\u00e1s<\/a><\/p>\n","protected":false},"author":1,"featured_media":0,"parent":0,"menu_order":0,"comment_status":"open","ping_status":"closed","template":"","meta":[],"_links":{"self":[{"href":"https:\/\/cwhite.um.edu.mx\/index.php?rest_route=\/wp\/v2\/pages\/285"}],"collection":[{"href":"https:\/\/cwhite.um.edu.mx\/index.php?rest_route=\/wp\/v2\/pages"}],"about":[{"href":"https:\/\/cwhite.um.edu.mx\/index.php?rest_route=\/wp\/v2\/types\/page"}],"author":[{"embeddable":true,"href":"https:\/\/cwhite.um.edu.mx\/index.php?rest_route=\/wp\/v2\/users\/1"}],"replies":[{"embeddable":true,"href":"https:\/\/cwhite.um.edu.mx\/index.php?rest_route=%2Fwp%2Fv2%2Fcomments&post=285"}],"version-history":[{"count":12,"href":"https:\/\/cwhite.um.edu.mx\/index.php?rest_route=\/wp\/v2\/pages\/285\/revisions"}],"predecessor-version":[{"id":2540,"href":"https:\/\/cwhite.um.edu.mx\/index.php?rest_route=\/wp\/v2\/pages\/285\/revisions\/2540"}],"wp:attachment":[{"href":"https:\/\/cwhite.um.edu.mx\/index.php?rest_route=%2Fwp%2Fv2%2Fmedia&parent=285"}],"curies":[{"name":"wp","href":"https:\/\/api.w.org\/{rel}","templated":true}]}}