{"id":1825,"date":"2020-07-23T20:09:01","date_gmt":"2020-07-23T20:09:01","guid":{"rendered":"https:\/\/cwhite.um.edu.mx\/?page_id=1825"},"modified":"2020-09-29T18:13:32","modified_gmt":"2020-09-29T18:13:32","slug":"externas","status":"publish","type":"page","link":"https:\/\/cwhite.um.edu.mx\/?page_id=1825","title":{"rendered":"Externas"},"content":{"rendered":"\n<h2 class=\"has-white-color has-text-color has-background\" style=\"background-color:#464949\">El Pacific Union College, el hospital Adventista de St. Helena y la casa de Elena G. White &#8220;Elmshaven&#8221; (donde pas\u00f3 sus \u00faltimos a\u00f1os), se vieron amenazados por los incendios recientes del estado de California&#8230;<\/h2>\n\n\n\n<p class=\"has-white-color has-text-color has-background\" style=\"background-color:#464949\">La informaci\u00f3n completa esta en el link de abajo.<\/p>\n\n\n\n<div class=\"is-layout-flow wp-block-group\"><div class=\"wp-block-group__inner-container\">\n<p class=\"has-white-color has-text-color has-background\" style=\"background-color:#464949\"><a href=\"https:\/\/www.facebook.com\/ellenwhiteestate\/posts\/3714118831982147\" target=\"_blank\" rel=\"noreferrer noopener\">https:\/\/www.facebook.com\/ellenwhiteestate\/posts\/3714118831982147<\/a><\/p>\n<\/div><\/div>\n\n\n\n<h2 class=\"has-text-color has-background\" style=\"background-color:#faf9ea;color:#093e52\">Merlin D. Burt es el actual director del White Estate de la Conferencia General<\/h2>\n\n\n\n<figure class=\"is-layout-flex wp-block-gallery-2 wp-block-gallery aligncenter columns-1 is-cropped\"><ul class=\"blocks-gallery-grid\"><li class=\"blocks-gallery-item\"><figure><img decoding=\"async\" loading=\"lazy\" width=\"220\" height=\"330\" src=\"https:\/\/cwhite.um.edu.mx\/wp-content\/uploads\/2020\/09\/merlin_burt.jpg\" alt=\"\" data-id=\"2153\" data-full-url=\"https:\/\/cwhite.um.edu.mx\/wp-content\/uploads\/2020\/09\/merlin_burt.jpg\" data-link=\"https:\/\/cwhite.um.edu.mx\/?attachment_id=2153\" class=\"wp-image-2153\"\/><\/figure><\/li><\/ul><\/figure>\n\n\n\n<p class=\"has-background\" style=\"background-color:#faf9ea\"><strong>El Dr. Merlin Burt fue director fundador del Centro de Investigaci\u00f3n Elena G. de White de la Universidad de Andrews y profesor de estudios adventistas en el Departamento de Historia de la Iglesia Adventista del S\u00e9ptimo D\u00eda del Seminario Teol\u00f3gico de la Universidad de Andrews por diecis\u00e9is a\u00f1os. Sirvi\u00f3 por diez a\u00f1os como director del Centro White de la Universidad de Loma Linda, director de archivos y colecciones especiales y profesor de religi\u00f3n en la Universidad de Loma Linda. El Dr. Merl\u00edn Burt recibi\u00f3 su grado de doctor en Filosof\u00eda del Seminario Teol\u00f3gico de la Universidad de Andrews en el a\u00f1o 2003. Su tesis examina el desarrollo y la integraci\u00f3n del s\u00e1bado, el santuario y el rol de Elena G. de White en los adventistas sabatarios entre los a\u00f1os 1844 y 1849. El Dr. Burt ha publicado varios art\u00edculos y libros y ha servido como orador, editor y organizador de varias conferencias y simposios. Ha publicado libros como: &#8220;Lugares hist\u00f3ricos adventistas: Nueva York y Nueva Inglaterra&#8221;, \u201cEl desarrollo de la Teolog\u00eda Adventista del S\u00e9ptimo D\u00eda\u201d y \u201cUnderstanding Ellen White\u201d.<\/strong><\/p>\n\n\n\n<p class=\"has-background\" style=\"background-color:#faf9ea\"><strong>Antes de sus funciones acad\u00e9micas y administrativas, el Dr. Burt sirvi\u00f3 como pastor de Ohio y California en los Estados Unidos. \u00c9l y Sara su esposa con quien tiene 41 a\u00f1os de matrimonio, tienen dos hijos casados y una joven universitaria. Uno de los hobbies del Dr. Burt es coleccionar materiales relacionados con el adventismo. Su pasi\u00f3n es que los adventistas del s\u00e9ptimo d\u00eda se conecten con la gu\u00eda que Dios dio en el pasado, para vivir en el presente una experiencia cristiana enriquecedora. A partir de septiembre del 2020 es el actual director mundial del White Estate de la Conferencia General.<\/strong><\/p>\n ","protected":false},"excerpt":{"rendered":"<p>El Pacific Union College, el hospital Adventista de St. Helena y la casa de Elena G. White &#8220;Elmshaven&#8221; (donde pas\u00f3 sus \u00faltimos a\u00f1os), se vieron amenazados por los incendios recientes del estado de California&#8230; La informaci\u00f3n completa esta en el link de abajo. https:\/\/www.facebook.com\/ellenwhiteestate\/posts\/3714118831982147 Merlin D. Burt es el actual director del White Estate de&hellip; <br \/> <a class=\"read-more\" href=\"https:\/\/cwhite.um.edu.mx\/?page_id=1825\">Leer m\u00e1s<\/a><\/p>\n","protected":false},"author":1,"featured_media":0,"parent":0,"menu_order":0,"comment_status":"closed","ping_status":"closed","template":"","meta":[],"_links":{"self":[{"href":"https:\/\/cwhite.um.edu.mx\/index.php?rest_route=\/wp\/v2\/pages\/1825"}],"collection":[{"href":"https:\/\/cwhite.um.edu.mx\/index.php?rest_route=\/wp\/v2\/pages"}],"about":[{"href":"https:\/\/cwhite.um.edu.mx\/index.php?rest_route=\/wp\/v2\/types\/page"}],"author":[{"embeddable":true,"href":"https:\/\/cwhite.um.edu.mx\/index.php?rest_route=\/wp\/v2\/users\/1"}],"replies":[{"embeddable":true,"href":"https:\/\/cwhite.um.edu.mx\/index.php?rest_route=%2Fwp%2Fv2%2Fcomments&post=1825"}],"version-history":[{"count":6,"href":"https:\/\/cwhite.um.edu.mx\/index.php?rest_route=\/wp\/v2\/pages\/1825\/revisions"}],"predecessor-version":[{"id":2157,"href":"https:\/\/cwhite.um.edu.mx\/index.php?rest_route=\/wp\/v2\/pages\/1825\/revisions\/2157"}],"wp:attachment":[{"href":"https:\/\/cwhite.um.edu.mx\/index.php?rest_route=%2Fwp%2Fv2%2Fmedia&parent=1825"}],"curies":[{"name":"wp","href":"https:\/\/api.w.org\/{rel}","templated":true}]}}