{"id":1796,"date":"2020-07-23T14:23:37","date_gmt":"2020-07-23T14:23:37","guid":{"rendered":"https:\/\/cwhite.um.edu.mx\/?page_id=1796"},"modified":"2023-09-28T19:56:25","modified_gmt":"2023-09-28T19:56:25","slug":"programas-especiales","status":"publish","type":"page","link":"https:\/\/cwhite.um.edu.mx\/?page_id=1796","title":{"rendered":"Programas Especiales"},"content":{"rendered":"\n<p><\/p>\n\n\n\n<div class=\"is-layout-flow wp-block-group\"><div class=\"wp-block-group__inner-container\">\n<div class=\"is-layout-flow wp-block-group\"><div class=\"wp-block-group__inner-container\">\n<p class=\"has-text-align-left has-very-dark-gray-color has-text-color\"><strong>ESTA ES UNA DESCRIPCI\u00d3N DE VIDEO<\/strong><\/p>\n<\/div><\/div>\n<\/div><\/div>\n\n\n\n<figure class=\"wp-block-embed alignleft is-type-video is-provider-youtube wp-block-embed-youtube wp-embed-aspect-16-9 wp-has-aspect-ratio\"><div class=\"wp-block-embed__wrapper\">\n<div class='embed-container'><iframe loading=\"lazy\" title=\"Mi\u00e9rcoles de Oraci\u00f3n\" width=\"1920\" height=\"1080\" src=\"https:\/\/www.youtube.com\/embed\/JFnXe3E6HzU?start=607&#038;feature=oembed\" frameborder=\"0\" allow=\"accelerometer; autoplay; clipboard-write; encrypted-media; gyroscope; picture-in-picture\" allowfullscreen><\/iframe><\/div>\n<\/div><\/figure>\n\n\n\n<div class=\"is-layout-flow wp-block-group\"><div class=\"wp-block-group__inner-container\"><\/div><\/div>\n\n\n\n<figure class=\"wp-block-embed alignleft is-type-video is-provider-youtube wp-block-embed-youtube wp-embed-aspect-16-9 wp-has-aspect-ratio\"><div class=\"wp-block-embed__wrapper\">\n<div class='embed-container'><iframe loading=\"lazy\" title=\"&quot;C\u00f3mo Todo Comenz\u00f3&quot; Pel\u00edcula Oficial\" width=\"1920\" height=\"1080\" src=\"https:\/\/www.youtube.com\/embed\/poCE9X7RVxY?feature=oembed\" frameborder=\"0\" allow=\"accelerometer; autoplay; clipboard-write; encrypted-media; gyroscope; picture-in-picture\" allowfullscreen><\/iframe><\/div>\n<\/div><\/figure>\n\n\n\n<figure class=\"wp-block-embed alignleft is-type-video is-provider-youtube wp-block-embed-youtube wp-embed-aspect-16-9 wp-has-aspect-ratio\"><div class=\"wp-block-embed__wrapper\">\n<div class='embed-container'><iframe loading=\"lazy\" title=\"Feliz S\u00e1bado 25 oct 2019\" width=\"1920\" height=\"1080\" src=\"https:\/\/www.youtube.com\/embed\/srRToSnfOV0?start=38&#038;feature=oembed\" frameborder=\"0\" allow=\"accelerometer; autoplay; clipboard-write; encrypted-media; gyroscope; picture-in-picture\" allowfullscreen><\/iframe><\/div>\n<\/div><\/figure>\n\n\n\n<figure class=\"wp-block-embed is-type-video is-provider-youtube wp-block-embed-youtube wp-embed-aspect-16-9 wp-has-aspect-ratio\"><div class=\"wp-block-embed__wrapper\">\n<div class='embed-container'><iframe loading=\"lazy\" title=\"75 a\u00f1os. Nuestra historia\" width=\"1920\" height=\"1080\" src=\"https:\/\/www.youtube.com\/embed\/KraEBqmpoc8?feature=oembed\" frameborder=\"0\" allow=\"accelerometer; autoplay; clipboard-write; encrypted-media; gyroscope; picture-in-picture; web-share\" allowfullscreen><\/iframe><\/div>\n<\/div><\/figure>\n ","protected":false},"excerpt":{"rendered":"<p>ESTA ES UNA DESCRIPCI\u00d3N DE VIDEO<\/p>\n","protected":false},"author":1,"featured_media":0,"parent":0,"menu_order":0,"comment_status":"closed","ping_status":"closed","template":"","meta":[],"_links":{"self":[{"href":"https:\/\/cwhite.um.edu.mx\/index.php?rest_route=\/wp\/v2\/pages\/1796"}],"collection":[{"href":"https:\/\/cwhite.um.edu.mx\/index.php?rest_route=\/wp\/v2\/pages"}],"about":[{"href":"https:\/\/cwhite.um.edu.mx\/index.php?rest_route=\/wp\/v2\/types\/page"}],"author":[{"embeddable":true,"href":"https:\/\/cwhite.um.edu.mx\/index.php?rest_route=\/wp\/v2\/users\/1"}],"replies":[{"embeddable":true,"href":"https:\/\/cwhite.um.edu.mx\/index.php?rest_route=%2Fwp%2Fv2%2Fcomments&post=1796"}],"version-history":[{"count":33,"href":"https:\/\/cwhite.um.edu.mx\/index.php?rest_route=\/wp\/v2\/pages\/1796\/revisions"}],"predecessor-version":[{"id":4373,"href":"https:\/\/cwhite.um.edu.mx\/index.php?rest_route=\/wp\/v2\/pages\/1796\/revisions\/4373"}],"wp:attachment":[{"href":"https:\/\/cwhite.um.edu.mx\/index.php?rest_route=%2Fwp%2Fv2%2Fmedia&parent=1796"}],"curies":[{"name":"wp","href":"https:\/\/api.w.org\/{rel}","templated":true}]}}