{"id":1205,"date":"2020-05-27T16:24:58","date_gmt":"2020-05-27T16:24:58","guid":{"rendered":"https:\/\/cwhite.um.edu.mx\/?page_id=1205"},"modified":"2025-06-03T23:53:26","modified_gmt":"2025-06-03T23:53:26","slug":"exposiciones-centro-white-mexico","status":"publish","type":"page","link":"https:\/\/cwhite.um.edu.mx\/?page_id=1205","title":{"rendered":"Exposiciones Centro White M\u00e9xico"},"content":{"rendered":"\n<figure class=\"is-layout-flex wp-block-gallery-1 wp-block-gallery has-nested-images columns-default is-cropped\">\n<figure class=\"wp-block-image size-large\"><img decoding=\"async\" loading=\"lazy\" width=\"3696\" height=\"2448\" data-id=\"1265\"  src=\"https:\/\/cwhite.um.edu.mx\/wp-content\/uploads\/2020\/05\/P-1.jpg\" alt=\"\" class=\"wp-image-1265\"\/><\/figure>\n\n\n\n<figure class=\"wp-block-image size-large\"><img decoding=\"async\" loading=\"lazy\" width=\"3696\" height=\"2448\" data-id=\"1268\"  src=\"https:\/\/cwhite.um.edu.mx\/wp-content\/uploads\/2020\/05\/Q-2.jpg\" alt=\"\" class=\"wp-image-1268\"\/><\/figure>\n\n\n\n<figure class=\"wp-block-image size-large\"><img decoding=\"async\" loading=\"lazy\" width=\"3696\" height=\"2448\" data-id=\"1269\"  src=\"https:\/\/cwhite.um.edu.mx\/wp-content\/uploads\/2020\/05\/S-1.jpg\" alt=\"\" class=\"wp-image-1269\"\/><\/figure>\n\n\n\n<figure class=\"wp-block-image size-large\"><img decoding=\"async\" loading=\"lazy\" width=\"3696\" height=\"2448\" data-id=\"1270\"  src=\"https:\/\/cwhite.um.edu.mx\/wp-content\/uploads\/2020\/05\/W-1.jpg\" alt=\"\" class=\"wp-image-1270\"\/><\/figure>\n<\/figure>\n\n\n\n<p class=\"has-text-align-center has-white-color has-text-color has-background\" style=\"background-color:#681e1e\">En ocasi\u00f3n de la V Conferencia B\u00edblica &#8220;El Don Prof\u00e9tico en las Escrituras y en la Historia&#8221;<\/p>\n\n\n\n<figure class=\"is-layout-flex wp-block-gallery-3 wp-block-gallery has-nested-images columns-default is-cropped\">\n<figure class=\"wp-block-image size-large\"><img decoding=\"async\" loading=\"lazy\" width=\"1024\" height=\"576\" data-id=\"5077\"  src=\"https:\/\/cwhite.um.edu.mx\/wp-content\/uploads\/2025\/06\/463978318_8072905356147162_5629656296892511864_n-1024x576.jpg\" alt=\"\" class=\"wp-image-5077\" srcset=\"https:\/\/cwhite.um.edu.mx\/wp-content\/uploads\/2025\/06\/463978318_8072905356147162_5629656296892511864_n-1024x576.jpg 1024w, https:\/\/cwhite.um.edu.mx\/wp-content\/uploads\/2025\/06\/463978318_8072905356147162_5629656296892511864_n-300x169.jpg 300w, https:\/\/cwhite.um.edu.mx\/wp-content\/uploads\/2025\/06\/463978318_8072905356147162_5629656296892511864_n-768x432.jpg 768w, https:\/\/cwhite.um.edu.mx\/wp-content\/uploads\/2025\/06\/463978318_8072905356147162_5629656296892511864_n-1536x864.jpg 1536w, https:\/\/cwhite.um.edu.mx\/wp-content\/uploads\/2025\/06\/463978318_8072905356147162_5629656296892511864_n-1920x1080.jpg 1920w, https:\/\/cwhite.um.edu.mx\/wp-content\/uploads\/2025\/06\/463978318_8072905356147162_5629656296892511864_n.jpg 2048w\" sizes=\"(max-width: 1024px) 100vw, 1024px\" \/><\/figure>\n<\/figure>\n\n\n\n<figure class=\"is-layout-flex wp-block-gallery-5 wp-block-gallery has-nested-images columns-default is-cropped\">\n<figure class=\"wp-block-image size-large\"><img decoding=\"async\" loading=\"lazy\" width=\"1024\" height=\"576\" data-id=\"5106\"  src=\"https:\/\/cwhite.um.edu.mx\/wp-content\/uploads\/2025\/06\/IMG_20160709_134907-1-1024x576.jpg\" alt=\"\" class=\"wp-image-5106\" srcset=\"https:\/\/cwhite.um.edu.mx\/wp-content\/uploads\/2025\/06\/IMG_20160709_134907-1-1024x576.jpg 1024w, https:\/\/cwhite.um.edu.mx\/wp-content\/uploads\/2025\/06\/IMG_20160709_134907-1-300x169.jpg 300w, https:\/\/cwhite.um.edu.mx\/wp-content\/uploads\/2025\/06\/IMG_20160709_134907-1-768x432.jpg 768w, https:\/\/cwhite.um.edu.mx\/wp-content\/uploads\/2025\/06\/IMG_20160709_134907-1-1536x864.jpg 1536w, https:\/\/cwhite.um.edu.mx\/wp-content\/uploads\/2025\/06\/IMG_20160709_134907-1-2048x1152.jpg 2048w, https:\/\/cwhite.um.edu.mx\/wp-content\/uploads\/2025\/06\/IMG_20160709_134907-1-1920x1080.jpg 1920w\" sizes=\"(max-width: 1024px) 100vw, 1024px\" \/><\/figure>\n<\/figure>\n\n\n\n<figure class=\"is-layout-flex wp-block-gallery-7 wp-block-gallery has-nested-images columns-default is-cropped\">\n<figure class=\"wp-block-image size-large\"><img decoding=\"async\" loading=\"lazy\" width=\"1024\" height=\"576\" data-id=\"5079\"  src=\"https:\/\/cwhite.um.edu.mx\/wp-content\/uploads\/2025\/06\/463978044_8072905359480495_6088535274005775126_n-1024x576.jpg\" alt=\"\" class=\"wp-image-5079\" srcset=\"https:\/\/cwhite.um.edu.mx\/wp-content\/uploads\/2025\/06\/463978044_8072905359480495_6088535274005775126_n-1024x576.jpg 1024w, https:\/\/cwhite.um.edu.mx\/wp-content\/uploads\/2025\/06\/463978044_8072905359480495_6088535274005775126_n-300x169.jpg 300w, https:\/\/cwhite.um.edu.mx\/wp-content\/uploads\/2025\/06\/463978044_8072905359480495_6088535274005775126_n-768x432.jpg 768w, https:\/\/cwhite.um.edu.mx\/wp-content\/uploads\/2025\/06\/463978044_8072905359480495_6088535274005775126_n-1536x864.jpg 1536w, https:\/\/cwhite.um.edu.mx\/wp-content\/uploads\/2025\/06\/463978044_8072905359480495_6088535274005775126_n-1920x1080.jpg 1920w, https:\/\/cwhite.um.edu.mx\/wp-content\/uploads\/2025\/06\/463978044_8072905359480495_6088535274005775126_n.jpg 2048w\" sizes=\"(max-width: 1024px) 100vw, 1024px\" \/><\/figure>\n<\/figure>\n\n\n\n<figure class=\"is-layout-flex wp-block-gallery-9 wp-block-gallery has-nested-images columns-default is-cropped\">\n<figure class=\"wp-block-image size-large\"><img decoding=\"async\" loading=\"lazy\" width=\"1024\" height=\"576\" data-id=\"5080\"  src=\"https:\/\/cwhite.um.edu.mx\/wp-content\/uploads\/2025\/06\/464071108_8072905339480497_7757189982035377853_n-1024x576.jpg\" alt=\"\" class=\"wp-image-5080\" srcset=\"https:\/\/cwhite.um.edu.mx\/wp-content\/uploads\/2025\/06\/464071108_8072905339480497_7757189982035377853_n-1024x576.jpg 1024w, https:\/\/cwhite.um.edu.mx\/wp-content\/uploads\/2025\/06\/464071108_8072905339480497_7757189982035377853_n-300x169.jpg 300w, https:\/\/cwhite.um.edu.mx\/wp-content\/uploads\/2025\/06\/464071108_8072905339480497_7757189982035377853_n-768x432.jpg 768w, https:\/\/cwhite.um.edu.mx\/wp-content\/uploads\/2025\/06\/464071108_8072905339480497_7757189982035377853_n-1536x864.jpg 1536w, https:\/\/cwhite.um.edu.mx\/wp-content\/uploads\/2025\/06\/464071108_8072905339480497_7757189982035377853_n-1920x1080.jpg 1920w, https:\/\/cwhite.um.edu.mx\/wp-content\/uploads\/2025\/06\/464071108_8072905339480497_7757189982035377853_n.jpg 2048w\" sizes=\"(max-width: 1024px) 100vw, 1024px\" \/><\/figure>\n<\/figure>\n\n\n\n<figure class=\"is-layout-flex wp-block-gallery-11 wp-block-gallery has-nested-images columns-default is-cropped\">\n<figure class=\"wp-block-image size-large\"><img decoding=\"async\" loading=\"lazy\" width=\"1024\" height=\"576\" data-id=\"5081\"  src=\"https:\/\/cwhite.um.edu.mx\/wp-content\/uploads\/2025\/06\/464145957_8072905369480494_2928109124805606935_n-1024x576.jpg\" alt=\"\" class=\"wp-image-5081\" srcset=\"https:\/\/cwhite.um.edu.mx\/wp-content\/uploads\/2025\/06\/464145957_8072905369480494_2928109124805606935_n-1024x576.jpg 1024w, https:\/\/cwhite.um.edu.mx\/wp-content\/uploads\/2025\/06\/464145957_8072905369480494_2928109124805606935_n-300x169.jpg 300w, https:\/\/cwhite.um.edu.mx\/wp-content\/uploads\/2025\/06\/464145957_8072905369480494_2928109124805606935_n-768x432.jpg 768w, https:\/\/cwhite.um.edu.mx\/wp-content\/uploads\/2025\/06\/464145957_8072905369480494_2928109124805606935_n-1536x864.jpg 1536w, https:\/\/cwhite.um.edu.mx\/wp-content\/uploads\/2025\/06\/464145957_8072905369480494_2928109124805606935_n-1920x1080.jpg 1920w, https:\/\/cwhite.um.edu.mx\/wp-content\/uploads\/2025\/06\/464145957_8072905369480494_2928109124805606935_n.jpg 2048w\" sizes=\"(max-width: 1024px) 100vw, 1024px\" \/><\/figure>\n<\/figure>\n\n\n\n<figure class=\"is-layout-flex wp-block-gallery-13 wp-block-gallery has-nested-images columns-default is-cropped\">\n<figure class=\"wp-block-image size-large\"><img decoding=\"async\" loading=\"lazy\" width=\"1024\" height=\"576\" data-id=\"5082\"  src=\"https:\/\/cwhite.um.edu.mx\/wp-content\/uploads\/2025\/06\/464036776_8072905572813807_9202793120722244754_n-1024x576.jpg\" alt=\"\" class=\"wp-image-5082\" srcset=\"https:\/\/cwhite.um.edu.mx\/wp-content\/uploads\/2025\/06\/464036776_8072905572813807_9202793120722244754_n-1024x576.jpg 1024w, https:\/\/cwhite.um.edu.mx\/wp-content\/uploads\/2025\/06\/464036776_8072905572813807_9202793120722244754_n-300x169.jpg 300w, https:\/\/cwhite.um.edu.mx\/wp-content\/uploads\/2025\/06\/464036776_8072905572813807_9202793120722244754_n-768x432.jpg 768w, https:\/\/cwhite.um.edu.mx\/wp-content\/uploads\/2025\/06\/464036776_8072905572813807_9202793120722244754_n-1536x864.jpg 1536w, https:\/\/cwhite.um.edu.mx\/wp-content\/uploads\/2025\/06\/464036776_8072905572813807_9202793120722244754_n-1920x1080.jpg 1920w, https:\/\/cwhite.um.edu.mx\/wp-content\/uploads\/2025\/06\/464036776_8072905572813807_9202793120722244754_n.jpg 2048w\" sizes=\"(max-width: 1024px) 100vw, 1024px\" \/><\/figure>\n<\/figure>\n\n\n\n<figure class=\"is-layout-flex wp-block-gallery-15 wp-block-gallery has-nested-images columns-default is-cropped\">\n<figure class=\"wp-block-image size-large\"><img decoding=\"async\" loading=\"lazy\" width=\"1024\" height=\"576\" data-id=\"5100\"  src=\"https:\/\/cwhite.um.edu.mx\/wp-content\/uploads\/2025\/06\/IMG_20160709_145838-1024x576.jpg\" alt=\"\" class=\"wp-image-5100\" srcset=\"https:\/\/cwhite.um.edu.mx\/wp-content\/uploads\/2025\/06\/IMG_20160709_145838-1024x576.jpg 1024w, https:\/\/cwhite.um.edu.mx\/wp-content\/uploads\/2025\/06\/IMG_20160709_145838-300x169.jpg 300w, https:\/\/cwhite.um.edu.mx\/wp-content\/uploads\/2025\/06\/IMG_20160709_145838-768x432.jpg 768w, https:\/\/cwhite.um.edu.mx\/wp-content\/uploads\/2025\/06\/IMG_20160709_145838-1536x864.jpg 1536w, https:\/\/cwhite.um.edu.mx\/wp-content\/uploads\/2025\/06\/IMG_20160709_145838-2048x1152.jpg 2048w, https:\/\/cwhite.um.edu.mx\/wp-content\/uploads\/2025\/06\/IMG_20160709_145838-1920x1080.jpg 1920w\" sizes=\"(max-width: 1024px) 100vw, 1024px\" \/><\/figure>\n<\/figure>\n\n\n\n<figure class=\"is-layout-flex wp-block-gallery-17 wp-block-gallery has-nested-images columns-default is-cropped\">\n<figure class=\"wp-block-image size-large\"><img decoding=\"async\" loading=\"lazy\" width=\"1024\" height=\"768\" data-id=\"5101\"  src=\"https:\/\/cwhite.um.edu.mx\/wp-content\/uploads\/2025\/06\/IMG_1125-1024x768.jpg\" alt=\"\" class=\"wp-image-5101\" srcset=\"https:\/\/cwhite.um.edu.mx\/wp-content\/uploads\/2025\/06\/IMG_1125-1024x768.jpg 1024w, https:\/\/cwhite.um.edu.mx\/wp-content\/uploads\/2025\/06\/IMG_1125-300x225.jpg 300w, https:\/\/cwhite.um.edu.mx\/wp-content\/uploads\/2025\/06\/IMG_1125-768x576.jpg 768w, https:\/\/cwhite.um.edu.mx\/wp-content\/uploads\/2025\/06\/IMG_1125-1536x1152.jpg 1536w, https:\/\/cwhite.um.edu.mx\/wp-content\/uploads\/2025\/06\/IMG_1125-2048x1536.jpg 2048w, https:\/\/cwhite.um.edu.mx\/wp-content\/uploads\/2025\/06\/IMG_1125-1440x1080.jpg 1440w\" sizes=\"(max-width: 1024px) 100vw, 1024px\" \/><\/figure>\n<\/figure>\n\n\n\n<figure class=\"is-layout-flex wp-block-gallery-19 wp-block-gallery has-nested-images columns-default is-cropped\">\n<figure class=\"wp-block-image size-large\"><img decoding=\"async\" loading=\"lazy\" width=\"1024\" height=\"576\" data-id=\"5085\"  src=\"https:\/\/cwhite.um.edu.mx\/wp-content\/uploads\/2025\/06\/464003928_8072854209485610_1024578424507530803_n-1024x576.jpg\" alt=\"\" class=\"wp-image-5085\" srcset=\"https:\/\/cwhite.um.edu.mx\/wp-content\/uploads\/2025\/06\/464003928_8072854209485610_1024578424507530803_n-1024x576.jpg 1024w, https:\/\/cwhite.um.edu.mx\/wp-content\/uploads\/2025\/06\/464003928_8072854209485610_1024578424507530803_n-300x169.jpg 300w, https:\/\/cwhite.um.edu.mx\/wp-content\/uploads\/2025\/06\/464003928_8072854209485610_1024578424507530803_n-768x432.jpg 768w, https:\/\/cwhite.um.edu.mx\/wp-content\/uploads\/2025\/06\/464003928_8072854209485610_1024578424507530803_n-1536x864.jpg 1536w, https:\/\/cwhite.um.edu.mx\/wp-content\/uploads\/2025\/06\/464003928_8072854209485610_1024578424507530803_n-1920x1080.jpg 1920w, https:\/\/cwhite.um.edu.mx\/wp-content\/uploads\/2025\/06\/464003928_8072854209485610_1024578424507530803_n.jpg 2048w\" sizes=\"(max-width: 1024px) 100vw, 1024px\" \/><\/figure>\n<\/figure>\n\n\n\n<p class=\"has-text-align-center has-white-color has-text-color has-background\" style=\"background-color:#410e0e\">Charles White, bisnieto de Elena de White<\/p>\n\n\n\n<figure class=\"is-layout-flex wp-block-gallery-21 wp-block-gallery has-nested-images columns-default is-cropped\">\n<figure class=\"wp-block-image size-large\"><img decoding=\"async\" loading=\"lazy\" width=\"486\" height=\"321\" data-id=\"5088\"  src=\"https:\/\/cwhite.um.edu.mx\/wp-content\/uploads\/2025\/06\/464110111_8072907016146996_7609492985107482537_n-1.jpg\" alt=\"\" class=\"wp-image-5088\" srcset=\"https:\/\/cwhite.um.edu.mx\/wp-content\/uploads\/2025\/06\/464110111_8072907016146996_7609492985107482537_n-1.jpg 486w, https:\/\/cwhite.um.edu.mx\/wp-content\/uploads\/2025\/06\/464110111_8072907016146996_7609492985107482537_n-1-300x198.jpg 300w\" sizes=\"(max-width: 486px) 100vw, 486px\" \/><\/figure>\n<\/figure>\n\n\n\n<figure class=\"is-layout-flex wp-block-gallery-23 wp-block-gallery has-nested-images columns-default is-cropped\">\n<figure class=\"wp-block-image size-large\"><img decoding=\"async\" loading=\"lazy\" width=\"486\" height=\"321\" data-id=\"5089\"  src=\"https:\/\/cwhite.um.edu.mx\/wp-content\/uploads\/2025\/06\/464055207_8072907009480330_5874898484778607013_n.jpg\" alt=\"\" class=\"wp-image-5089\" srcset=\"https:\/\/cwhite.um.edu.mx\/wp-content\/uploads\/2025\/06\/464055207_8072907009480330_5874898484778607013_n.jpg 486w, https:\/\/cwhite.um.edu.mx\/wp-content\/uploads\/2025\/06\/464055207_8072907009480330_5874898484778607013_n-300x198.jpg 300w\" sizes=\"(max-width: 486px) 100vw, 486px\" \/><\/figure>\n<\/figure>\n\n\n\n<figure class=\"is-layout-flex wp-block-gallery-25 wp-block-gallery has-nested-images columns-default is-cropped\">\n<figure class=\"wp-block-image size-large\"><img decoding=\"async\" loading=\"lazy\" width=\"486\" height=\"321\" data-id=\"5090\"  src=\"https:\/\/cwhite.um.edu.mx\/wp-content\/uploads\/2025\/06\/464001603_8072907002813664_4224181049122245328_n.jpg\" alt=\"\" class=\"wp-image-5090\" srcset=\"https:\/\/cwhite.um.edu.mx\/wp-content\/uploads\/2025\/06\/464001603_8072907002813664_4224181049122245328_n.jpg 486w, https:\/\/cwhite.um.edu.mx\/wp-content\/uploads\/2025\/06\/464001603_8072907002813664_4224181049122245328_n-300x198.jpg 300w\" sizes=\"(max-width: 486px) 100vw, 486px\" \/><\/figure>\n<\/figure>\n\n\n\n<figure class=\"is-layout-flex wp-block-gallery-27 wp-block-gallery has-nested-images columns-default is-cropped\">\n<figure class=\"wp-block-image size-large\"><img decoding=\"async\" loading=\"lazy\" width=\"486\" height=\"321\" data-id=\"5091\"  src=\"https:\/\/cwhite.um.edu.mx\/wp-content\/uploads\/2025\/06\/464040847_8072907199480311_3868140153621564367_n.jpg\" alt=\"\" class=\"wp-image-5091\" srcset=\"https:\/\/cwhite.um.edu.mx\/wp-content\/uploads\/2025\/06\/464040847_8072907199480311_3868140153621564367_n.jpg 486w, https:\/\/cwhite.um.edu.mx\/wp-content\/uploads\/2025\/06\/464040847_8072907199480311_3868140153621564367_n-300x198.jpg 300w\" sizes=\"(max-width: 486px) 100vw, 486px\" \/><\/figure>\n<\/figure>\n\n\n\n<figure class=\"is-layout-flex wp-block-gallery-29 wp-block-gallery has-nested-images columns-default is-cropped\">\n<figure class=\"wp-block-image size-large\"><img decoding=\"async\" loading=\"lazy\" width=\"486\" height=\"321\" data-id=\"5095\"  src=\"https:\/\/cwhite.um.edu.mx\/wp-content\/uploads\/2025\/06\/464001321_8072907186146979_1442718170830710641_n-1.jpg\" alt=\"\" class=\"wp-image-5095\" srcset=\"https:\/\/cwhite.um.edu.mx\/wp-content\/uploads\/2025\/06\/464001321_8072907186146979_1442718170830710641_n-1.jpg 486w, https:\/\/cwhite.um.edu.mx\/wp-content\/uploads\/2025\/06\/464001321_8072907186146979_1442718170830710641_n-1-300x198.jpg 300w\" sizes=\"(max-width: 486px) 100vw, 486px\" \/><\/figure>\n<\/figure>\n\n\n\n<figure class=\"is-layout-flex wp-block-gallery-31 wp-block-gallery has-nested-images columns-default is-cropped\">\n<figure class=\"wp-block-image size-large\"><img decoding=\"async\" loading=\"lazy\" width=\"576\" height=\"1024\" data-id=\"5104\"  src=\"https:\/\/cwhite.um.edu.mx\/wp-content\/uploads\/2025\/06\/IMG_20160707_174339-1-576x1024.jpg\" alt=\"\" class=\"wp-image-5104\" srcset=\"https:\/\/cwhite.um.edu.mx\/wp-content\/uploads\/2025\/06\/IMG_20160707_174339-1-576x1024.jpg 576w, https:\/\/cwhite.um.edu.mx\/wp-content\/uploads\/2025\/06\/IMG_20160707_174339-1-169x300.jpg 169w, https:\/\/cwhite.um.edu.mx\/wp-content\/uploads\/2025\/06\/IMG_20160707_174339-1-768x1365.jpg 768w, https:\/\/cwhite.um.edu.mx\/wp-content\/uploads\/2025\/06\/IMG_20160707_174339-1-864x1536.jpg 864w, https:\/\/cwhite.um.edu.mx\/wp-content\/uploads\/2025\/06\/IMG_20160707_174339-1-1152x2048.jpg 1152w, https:\/\/cwhite.um.edu.mx\/wp-content\/uploads\/2025\/06\/IMG_20160707_174339-1-1024x1820.jpg 1024w, https:\/\/cwhite.um.edu.mx\/wp-content\/uploads\/2025\/06\/IMG_20160707_174339-1-608x1080.jpg 608w, https:\/\/cwhite.um.edu.mx\/wp-content\/uploads\/2025\/06\/IMG_20160707_174339-1.jpg 1440w\" sizes=\"(max-width: 576px) 100vw, 576px\" \/><\/figure>\n<\/figure>\n\n\n\n<figure class=\"is-layout-flex wp-block-gallery-33 wp-block-gallery has-nested-images columns-default is-cropped\">\n<figure class=\"wp-block-image size-large\"><img decoding=\"async\" loading=\"lazy\" width=\"486\" height=\"321\" data-id=\"5093\"  src=\"https:\/\/cwhite.um.edu.mx\/wp-content\/uploads\/2025\/06\/464031213_8072907006146997_5994723852657679798_n.jpg\" alt=\"\" class=\"wp-image-5093\" srcset=\"https:\/\/cwhite.um.edu.mx\/wp-content\/uploads\/2025\/06\/464031213_8072907006146997_5994723852657679798_n.jpg 486w, https:\/\/cwhite.um.edu.mx\/wp-content\/uploads\/2025\/06\/464031213_8072907006146997_5994723852657679798_n-300x198.jpg 300w\" sizes=\"(max-width: 486px) 100vw, 486px\" \/><\/figure>\n<\/figure>\n\n\n\n<figure class=\"is-layout-flex wp-block-gallery-35 wp-block-gallery has-nested-images columns-default is-cropped\">\n<figure class=\"wp-block-image size-large\"><img decoding=\"async\" loading=\"lazy\" width=\"486\" height=\"321\" data-id=\"5096\"  src=\"https:\/\/cwhite.um.edu.mx\/wp-content\/uploads\/2025\/06\/464129759_8072906996146998_7047457192710744515_n-1.jpg\" alt=\"\" class=\"wp-image-5096\" srcset=\"https:\/\/cwhite.um.edu.mx\/wp-content\/uploads\/2025\/06\/464129759_8072906996146998_7047457192710744515_n-1.jpg 486w, https:\/\/cwhite.um.edu.mx\/wp-content\/uploads\/2025\/06\/464129759_8072906996146998_7047457192710744515_n-1-300x198.jpg 300w\" sizes=\"(max-width: 486px) 100vw, 486px\" \/><\/figure>\n<\/figure>\n\n\n\n<figure class=\"is-layout-flex wp-block-gallery-37 wp-block-gallery has-nested-images columns-default is-cropped\">\n<figure class=\"wp-block-image size-large\"><img decoding=\"async\" loading=\"lazy\" width=\"486\" height=\"321\" data-id=\"5097\"  src=\"https:\/\/cwhite.um.edu.mx\/wp-content\/uploads\/2025\/06\/463965592_8072907019480329_8110643748934692001_n.jpg\" alt=\"\" class=\"wp-image-5097\" srcset=\"https:\/\/cwhite.um.edu.mx\/wp-content\/uploads\/2025\/06\/463965592_8072907019480329_8110643748934692001_n.jpg 486w, https:\/\/cwhite.um.edu.mx\/wp-content\/uploads\/2025\/06\/463965592_8072907019480329_8110643748934692001_n-300x198.jpg 300w\" sizes=\"(max-width: 486px) 100vw, 486px\" \/><\/figure>\n<\/figure>\n\n\n\n<figure class=\"is-layout-flex wp-block-gallery-39 wp-block-gallery has-nested-images columns-default is-cropped\">\n<figure class=\"wp-block-image size-large\"><img decoding=\"async\" loading=\"lazy\" width=\"486\" height=\"321\" data-id=\"5098\"  src=\"https:\/\/cwhite.um.edu.mx\/wp-content\/uploads\/2025\/06\/464027397_8072907189480312_5141964596084395668_n.jpg\" alt=\"\" class=\"wp-image-5098\" srcset=\"https:\/\/cwhite.um.edu.mx\/wp-content\/uploads\/2025\/06\/464027397_8072907189480312_5141964596084395668_n.jpg 486w, https:\/\/cwhite.um.edu.mx\/wp-content\/uploads\/2025\/06\/464027397_8072907189480312_5141964596084395668_n-300x198.jpg 300w\" sizes=\"(max-width: 486px) 100vw, 486px\" \/><\/figure>\n<\/figure>\n ","protected":false},"excerpt":{"rendered":"<p>En ocasi\u00f3n de la V Conferencia B\u00edblica &#8220;El Don Prof\u00e9tico en las Escrituras y en la Historia&#8221; Charles White, bisnieto de Elena de White<\/p>\n","protected":false},"author":1,"featured_media":0,"parent":0,"menu_order":0,"comment_status":"closed","ping_status":"closed","template":"","meta":[],"_links":{"self":[{"href":"https:\/\/cwhite.um.edu.mx\/index.php?rest_route=\/wp\/v2\/pages\/1205"}],"collection":[{"href":"https:\/\/cwhite.um.edu.mx\/index.php?rest_route=\/wp\/v2\/pages"}],"about":[{"href":"https:\/\/cwhite.um.edu.mx\/index.php?rest_route=\/wp\/v2\/types\/page"}],"author":[{"embeddable":true,"href":"https:\/\/cwhite.um.edu.mx\/index.php?rest_route=\/wp\/v2\/users\/1"}],"replies":[{"embeddable":true,"href":"https:\/\/cwhite.um.edu.mx\/index.php?rest_route=%2Fwp%2Fv2%2Fcomments&post=1205"}],"version-history":[{"count":5,"href":"https:\/\/cwhite.um.edu.mx\/index.php?rest_route=\/wp\/v2\/pages\/1205\/revisions"}],"predecessor-version":[{"id":5108,"href":"https:\/\/cwhite.um.edu.mx\/index.php?rest_route=\/wp\/v2\/pages\/1205\/revisions\/5108"}],"wp:attachment":[{"href":"https:\/\/cwhite.um.edu.mx\/index.php?rest_route=%2Fwp%2Fv2%2Fmedia&parent=1205"}],"curies":[{"name":"wp","href":"https:\/\/api.w.org\/{rel}","templated":true}]}}