{"id":1139,"date":"2020-05-26T20:55:47","date_gmt":"2020-05-26T20:55:47","guid":{"rendered":"https:\/\/cwhite.um.edu.mx\/?page_id=1139"},"modified":"2020-12-08T16:02:29","modified_gmt":"2020-12-08T16:02:29","slug":"mensajera-del-senor-2","status":"publish","type":"page","link":"https:\/\/cwhite.um.edu.mx\/?page_id=1139","title":{"rendered":"Mensajera del Se\u00f1or"},"content":{"rendered":"\n<div class=\"is-layout-flow wp-block-group has-very-light-gray-color has-very-dark-gray-background-color has-text-color has-background\"><div class=\"wp-block-group__inner-container\">\n<p><\/p>\n\n\n\n<p><\/p>\n\n\n\n<p><\/p>\n\n\n\n<h3 class=\"has-text-align-center has-very-light-gray-color has-text-color\">El sistema divino de comunicaci\u00f3n<\/h3>\n\n\n\n<div class=\"wp-block-file aligncenter\"><a href=\"https:\/\/cwhite.um.edu.mx\/wp-content\/uploads\/2020\/05\/mensajera-del-se\u00f1or-1-13.ppt\" class=\"wp-block-file__button\" download>Descarga<\/a><\/div>\n<\/div><\/div>\n\n\n\n<div class=\"is-layout-flow wp-block-group has-very-light-gray-color has-very-dark-gray-background-color has-text-color has-background\"><div class=\"wp-block-group__inner-container\">\n<p><\/p>\n\n\n\n<p><\/p>\n\n\n\n<p><\/p>\n\n\n\n<h3 class=\"has-text-align-center has-very-light-gray-color has-text-color\">La verdadera Elena G. de White<\/h3>\n\n\n\n<div class=\"wp-block-file aligncenter\"><a href=\"https:\/\/cwhite.um.edu.mx\/wp-content\/uploads\/2020\/05\/Mensajera-del-se\u00f1or-ll-1.ppt\" class=\"wp-block-file__button\" download>Descarga<\/a><\/div>\n<\/div><\/div>\n\n\n\n<div class=\"is-layout-flow wp-block-group has-very-light-gray-color has-very-dark-gray-background-color has-text-color has-background\"><div class=\"wp-block-group__inner-container\">\n<p><\/p>\n\n\n\n<p><\/p>\n\n\n\n<p><\/p>\n\n\n\n<h3 class=\"has-text-align-center has-very-light-gray-color has-text-color\">La mensajera que escucha<\/h3>\n\n\n\n<div class=\"wp-block-file aligncenter\"><a href=\"https:\/\/cwhite.um.edu.mx\/wp-content\/uploads\/2020\/05\/Mensajera-del-Seor-Seccion-III-copia-1.ppt\" class=\"wp-block-file__button\" download>Descarga<\/a><\/div>\n<\/div><\/div>\n\n\n\n<div class=\"is-layout-flow wp-block-group has-very-light-gray-color has-very-dark-gray-background-color has-text-color has-background\"><div class=\"wp-block-group__inner-container\">\n<p><\/p>\n\n\n\n<p><\/p>\n\n\n\n<p><\/p>\n\n\n\n<h3 class=\"has-text-align-center has-very-light-gray-color has-text-color\">La voz de un movimiento<\/h3>\n\n\n\n<div class=\"wp-block-file aligncenter\"><a href=\"https:\/\/cwhite.um.edu.mx\/wp-content\/uploads\/2020\/05\/mensajera-4-l-1-1-1.ppt\" class=\"wp-block-file__button\" download>Descarga<\/a><\/div>\n<\/div><\/div>\n\n\n\n<div class=\"is-layout-flow wp-block-group has-very-light-gray-color has-very-dark-gray-background-color has-text-color has-background\"><div class=\"wp-block-group__inner-container\">\n<p><\/p>\n\n\n\n<p><\/p>\n\n\n\n<p><\/p>\n\n\n\n<h3 class=\"has-text-align-center has-very-light-gray-color has-text-color\">Fomentando conceptos inspirados<\/h3>\n\n\n\n<div class=\"wp-block-file aligncenter\"><a href=\"https:\/\/cwhite.um.edu.mx\/wp-content\/uploads\/2020\/05\/seis-1.ppt\" class=\"wp-block-file__button\" download>Descarga<\/a><\/div>\n<\/div><\/div>\n\n\n\n<div class=\"is-layout-flow wp-block-group has-very-light-gray-color has-very-dark-gray-background-color has-text-color has-background\"><div class=\"wp-block-group__inner-container\">\n<p><\/p>\n\n\n\n<p><\/p>\n\n\n\n<p><\/p>\n\n\n\n<h3 class=\"has-text-align-center has-very-light-gray-color has-text-color\">C\u00f3mo evaluar las cr\u00edticas<\/h3>\n\n\n\n<div class=\"wp-block-file aligncenter\"><a href=\"https:\/\/cwhite.um.edu.mx\/wp-content\/uploads\/2020\/05\/mensajera-seven.ppt\" class=\"wp-block-file__button\" download>Descarga<\/a><\/div>\n<\/div><\/div>\n\n\n\n<div class=\"is-layout-flow wp-block-group has-very-light-gray-color has-very-dark-gray-background-color has-text-color has-background\"><div class=\"wp-block-group__inner-container\">\n<p><\/p>\n\n\n\n<p><\/p>\n\n\n\n<p><\/p>\n\n\n\n<h3 class=\"has-text-align-center has-very-light-gray-color has-text-color\">C\u00f3mo evaluar las cr\u00edticas<\/h3>\n\n\n\n<div class=\"wp-block-file aligncenter\"><a href=\"https:\/\/cwhite.um.edu.mx\/wp-content\/uploads\/2020\/05\/mensajera-seven.ppt\" class=\"wp-block-file__button\" download>Descarga<\/a><\/div>\n<\/div><\/div>\n\n\n\n<p><\/p>\n ","protected":false},"excerpt":{"rendered":"<p>El sistema divino de comunicaci\u00f3n La verdadera Elena G. de White La mensajera que escucha La voz de un movimiento Fomentando conceptos inspirados C\u00f3mo evaluar las cr\u00edticas C\u00f3mo evaluar las cr\u00edticas<\/p>\n","protected":false},"author":1,"featured_media":0,"parent":0,"menu_order":0,"comment_status":"closed","ping_status":"closed","template":"","meta":[],"_links":{"self":[{"href":"https:\/\/cwhite.um.edu.mx\/index.php?rest_route=\/wp\/v2\/pages\/1139"}],"collection":[{"href":"https:\/\/cwhite.um.edu.mx\/index.php?rest_route=\/wp\/v2\/pages"}],"about":[{"href":"https:\/\/cwhite.um.edu.mx\/index.php?rest_route=\/wp\/v2\/types\/page"}],"author":[{"embeddable":true,"href":"https:\/\/cwhite.um.edu.mx\/index.php?rest_route=\/wp\/v2\/users\/1"}],"replies":[{"embeddable":true,"href":"https:\/\/cwhite.um.edu.mx\/index.php?rest_route=%2Fwp%2Fv2%2Fcomments&post=1139"}],"version-history":[{"count":12,"href":"https:\/\/cwhite.um.edu.mx\/index.php?rest_route=\/wp\/v2\/pages\/1139\/revisions"}],"predecessor-version":[{"id":2612,"href":"https:\/\/cwhite.um.edu.mx\/index.php?rest_route=\/wp\/v2\/pages\/1139\/revisions\/2612"}],"wp:attachment":[{"href":"https:\/\/cwhite.um.edu.mx\/index.php?rest_route=%2Fwp%2Fv2%2Fmedia&parent=1139"}],"curies":[{"name":"wp","href":"https:\/\/api.w.org\/{rel}","templated":true}]}}